{"id":888,"date":"2021-05-13T10:17:17","date_gmt":"2021-05-13T10:17:17","guid":{"rendered":"https:\/\/www.josemanjon.com\/?page_id=888"},"modified":"2021-05-13T10:17:18","modified_gmt":"2021-05-13T10:17:18","slug":"politica-de-cookies","status":"publish","type":"page","link":"https:\/\/www.josemanjon.com\/index.php\/politica-de-cookies\/","title":{"rendered":"Pol\u00edtica de Cookies"},"content":{"rendered":"<div id='av_section_1'  class='avia-section alternate_color avia-section-small avia-no-border-styling  av-section-color-overlay-active avia-bg-style-fixed  avia-builder-el-0  el_before_av_section  avia-builder-el-first   container_wrap sidebar_right' style=' '  ><div class='av-section-color-overlay-wrap'><div class='av-section-color-overlay' style='opacity: 0.7; background-color: #000000; '><\/div><a href='#next-section' title='' class='scroll-down-link '  aria-hidden='true' data-av_icon='\ue877' data-av_iconfont='entypo-fontello'><\/a><div class='container' ><main  role=\"main\" itemprop=\"mainContentOfPage\"  class='template-page content  av-content-small alpha units'><div class='post-entry post-entry-type-page post-entry-888'><div class='entry-content-wrapper clearfix'>\n<div  style='height:1px; margin-top:-30px'  class='hr hr-invisible   avia-builder-el-1  el_before_av_heading  avia-builder-el-first '><span class='hr-inner ' ><span class='hr-inner-style'><\/span><\/span><\/div>\n<div  style='padding-bottom:20px; color:#af3131;font-size:50px;' class='av-special-heading av-special-heading-h1 custom-color-heading blockquote modern-quote modern-centered  avia-builder-el-2  el_after_av_hr  el_before_av_hr  av-inherit-size '><h1 class='av-special-heading-tag  av-medium-font-size-overwrite av-medium-font-size-40 av-small-font-size-overwrite av-small-font-size-30 av-mini-font-size-overwrite av-mini-font-size-30'  itemprop=\"headline\"  >Pol\u00edtica de Cookies<\/h1><div class='special-heading-border'><div class='special-heading-inner-border' style='border-color:#af3131'><\/div><\/div><\/div>\n<div  style='height:25px' class='hr hr-invisible   avia-builder-el-3  el_after_av_heading  el_before_av_one_full '><span class='hr-inner ' ><span class='hr-inner-style'><\/span><\/span><\/div>\n<div class=\"flex_column av_one_full  flex_column_div av-zero-column-padding first  avia-builder-el-4  el_after_av_hr  avia-builder-el-last  \" style='border-radius:0px; '><section class=\"av_textblock_section \"  itemscope=\"itemscope\" itemtype=\"https:\/\/schema.org\/CreativeWork\" ><div class='avia_textblock  '   itemprop=\"text\" ><p><strong>Objeto<\/strong><\/p>\n<p>El objeto de la presente pol\u00edtica es informar del uso de cookies en este sitio web de acuerdo con lo establecido en la legislaci\u00f3n de los servicios de la sociedad de la informaci\u00f3n y de comercio electr\u00f3nico.<\/p>\n<p><strong>\u00bfQu\u00e9 son las Cookies y para qu\u00e9 se utilizan?<\/strong><\/p>\n<p>Las cookies, son ficheros o archivos de texto que un servidor web genera y almacena en el ordenador\/smartphone\/tablet (en adelante equipo) de un Usuario al acceder a determinadas p\u00e1ginas web, para almacenar y recuperar informaci\u00f3n sobre la navegaci\u00f3n que realiza el usuario desde dicho equipo. Tambi\u00e9n pueden consistir en un c\u00f3digo que permite identificar al Usuario inequ\u00edvocamente durante su navegaci\u00f3n. Por ello las cookies pueden almacenar informaci\u00f3n sobre el equipo de un Usuario o sobre sus sesiones de navegaci\u00f3n de los sitios web que ha visitado, tal como p\u00e1gina que visita, el tiempo de conexi\u00f3n a Internet, y otros datos seg\u00fan el tipo de cookie.<\/p>\n<p>En definitiva, el uso de cookies en la navegaci\u00f3n a trav\u00e9s del sitio web permite obtener informaci\u00f3n relativa a la navegaci\u00f3n de los usuarios; mejorar la experiencia del usuario en la navegaci\u00f3n; recoger las estad\u00edsticas de uso del sitio web por el Usuario y otras informaciones como el navegador empleado por el Usuario, el n\u00famero de p\u00e1ginas visitadas, el n\u00famero de visitas, el rastreo de los movimientos que hace el Usuario por un sitio web, el tiempo que permanece en el sitio web o en una p\u00e1gina concreta, el llenado o vaciado de la cesta de la compra, y otras informaciones; geolocalizar al Usuario mediante la geolocalizaci\u00f3n del dispositivo conectado (informaci\u00f3n sobre la regi\u00f3n y, potencialmente, datos de la localidad en algunos pa\u00edses); medir la efectividad de sus campa\u00f1as de correo electr\u00f3nico y mejorar las caracter\u00edsticas del servicio para segmentos espec\u00edficos de los usuarios y especialmente de los suscriptores de la recepci\u00f3n de comunicaciones electr\u00f3nicas comerciales publicitarias y boletines; conocer si los receptores de comunicaciones electr\u00f3nicas comerciales publicitarias y boletines han procedido a la apertura de dichas comunicaciones y el uso de los enlaces contenidos en los mismos para cada uno de los destinatarios, tal como la pulsaci\u00f3n de los enlaces contenidos en los correos, y poder elaborar con la informaci\u00f3n recabada informes de seguimiento de las campa\u00f1as.<\/p>\n<p>Este sitio web utiliza cookies, tanto propias como de terceros. M\u00e1s adelante el Usuario puede encontrar informaci\u00f3n concreta sobre las mismas.<\/p>\n<p><strong>\u00bfC\u00f3mo se autoriza el uso de las cookies en nuestro sitio web?<\/strong><\/p>\n<p>En relaci\u00f3n con el uso de cookies en este sitio web, el Usuario debe saber que nos autoriza y consiente el uso de cookies de la siguiente forma:<\/p>\n<p>\u2022 Acepta el uso de las cookies utilizadas en este sitio web para las finalidades indicadas en esta pol\u00edtica\u00a0 haciendo clic sobre el bot\u00f3n \u201cAceptar \u201d que se publican en la primera capa de informaci\u00f3n.<\/p>\n<p>En todo caso, pese a la aceptaci\u00f3n inicial de uso de las cookies en la navegaci\u00f3n a trav\u00e9s de nuestro sitio web, en cualquier momento el Usuario puede revocar su consentimiento, deshabilitando y rechazando su utilizaci\u00f3n, seg\u00fan se explica en el apartado correspondiente de esta pol\u00edtica.<\/p>\n<p>En todo caso, el Usuario tiene el control sobre las cookies, pues est\u00e1n almacenadas en el navegador de los equipos que utilizan. Por tanto, en cualquier momento el Usuario podr\u00e1 leerlas, filtrarlas, rechazarlas y eliminarlas.<\/p>\n<p><strong>\u00bfCu\u00e1les son las cookies de terceros utilizadas y la finalidad de uso en el sitio web?<\/strong><\/p>\n<p>Soluci\u00f3n de Terceros<\/p>\n<p>Tipo\/Prop\u00f3sito<\/p>\n<p>Proveedor<\/p>\n<p>Google Analytics<\/p>\n<p>Ubicaci\u00f3n: Google Maps proporciona un servicio de mapas. Registra el origen del usuario y las keywords utilizadas. Genera un prefijo \u00fanico con fines anal\u00edticos. Anal\u00edticas: Google proporciona datos an\u00f3nimos sobre las visitas a la p\u00e1gina web. V\u00eddeos: Youtube permite la subida y visualizaci\u00f3n de v\u00eddeos. Utiliza cookies para medir las visualizaciones o registrar eventos. Interacci\u00f3n Social: Google permite que la informaci\u00f3n de la WEB sea compartida en su red social Google +<\/p>\n<p>Google Inc.<\/p>\n<p>Add to any<\/p>\n<p>Interacci\u00f3n social: Permite que la web sea compartida en redes sociales.<\/p>\n<p>AddToAny<\/p>\n<p>AddThis<\/p>\n<p>Herramientas Web. Interacci\u00f3n social. Addthis permite que la web sea compartida en redes sociales como Google+, Facebook, etc.<\/p>\n<p>Oracle Inc.<\/p>\n<p>Adobe Omniture<\/p>\n<p>Anal\u00edticas: Omniture proporciona datos an\u00f3nimos sobre las visitas a nuestra web y nos permite hacer pruebas y evaluar la mejor manera de presentar la web a nuestros usuarios.<\/p>\n<p>Adobe Systems Incorporated<\/p>\n<p>YouTube<\/p>\n<p>Web Video<\/p>\n<p>Google Inc.<\/p>\n<p>Facebook<\/p>\n<p>Facebook Like, Comments, Feed<\/p>\n<p>Facebook Inc.<\/p>\n<p>Twitter<\/p>\n<p>Follow Us<\/p>\n<p>Facebook Inc.<\/p>\n<p><strong>\u00bfC\u00f3mo se puede rechazar, desactivar y eliminar las cookies utilizadas en nuestro sitio web?<\/strong><\/p>\n<p>El Usuario tiene la opci\u00f3n de impedir o rechazar el uso de cookies, desactivar y eliminarlas en cualquier momento respecto de su navegaci\u00f3n por este sitio web.<\/p>\n<p>La mayor\u00eda de los navegadores web permite gestionar, en cualquier momento, las preferencias del Usuario sobre el uso de las Cookies. El Usuario puede ajustar su navegador para que rechace Cookies o elimine determinadas Cookies seg\u00fan su criterio.<\/p>\n<p>Para la configuraci\u00f3n de nuestras Cookies (permitir, bloquear o eliminar las Cookies) y las de terceros el Usuario puede hacerlo mediante la configuraci\u00f3n de las opciones del navegador instalado en su ordenador.<\/p>\n<p><strong>Firefox<\/strong> -&gt; https:\/\/support.mozilla.org\/es\/kb\/Deshabilitar%20c&#8230;<\/p>\n<p><strong>Chrome<\/strong> -&gt; http:\/\/support.google.com\/chrome\/bin\/answer.py?hl=&#8230;<\/p>\n<p><strong>Internet<\/strong> -&gt; Explorer https:\/\/support.microsoft.com\/es-es\/help\/1744&#8230;<\/p>\n<p><strong>Safari<\/strong> -&gt; https:\/\/support.apple.com\/es-es\/guide\/safari\/sfri11471\/mac<\/p>\n<p><strong>Opera<\/strong> -&gt; http:\/\/help.opera.com\/Windows\/11.50\/es-ES\/cookies&#8230;.<\/p>\n<p>El Usuario puede revocar su consentimiento para el uso de cookies en su navegador a trav\u00e9s de las indicaciones anteriores (navegadores normalmente m\u00e1s utilizados).<\/p>\n<p>Para deshabilitar cookies y dispositivos de almacenamiento y recuperaci\u00f3n de datos individualmente se puede instalar en el navegador la extensi\u00f3n \u201cGhostery\u201d.<\/p>\n<p>El Usuario debe tener en cuenta que algunas caracter\u00edsticas de los contenidos de este sitio web solo est\u00e1n disponibles si se permite la instalaci\u00f3n de Cookies en su navegador. Si decide no aceptar o bloquear determinadas Cookies (en funci\u00f3n de su finalidad), puede que esto afecte, total o parcialmente, al funcionamiento normal de la p\u00e1gina web o que impida el acceso a algunos servicios de esta.<\/p>\n<p><strong>Actualizaciones y cambios en la Pol\u00edtica de cookies.<\/strong><\/p>\n<p>El responsable puede modificar esta Pol\u00edtica de Cookies en funci\u00f3n de cambios en el uso de Cookies en su sitio web, de nuevas exigencias legislativas, reglamentarias, o con la finalidad de adaptar dicha pol\u00edtica a las instrucciones dictadas por las autoridades de control, en concreto, la Agencia Espa\u00f1ola de Protecci\u00f3n de Datos.<\/p>\n<p>Es posible por tanto que se produzcan cambios significativos en esta Pol\u00edtica de Cookies los cuales ser\u00e1n publicados en la misma. Pero ser\u00e1 responsabilidad del Usuario acceder a esta Pol\u00edtica de forma peri\u00f3dica para conocer cualquier cambio, sin perjuicio de la posibilidad de comunicar a los usuarios del sitio web dichos cambios mediante un aviso informativo en nuestro sitio web y\/o a trav\u00e9s de otros medios.<\/p>\n<\/div><\/section><\/div><\/div><\/div><\/main><!-- close content main element --><\/div><\/div><\/div><div id='av_section_2'  class='avia-section main_color avia-section-large avia-no-border-styling  avia-bg-style-scroll  avia-builder-el-6  el_after_av_section  avia-builder-el-last   container_wrap sidebar_right' style=' '  ><div class='container' ><div class='template-page content  av-content-small alpha units'><div class='post-entry post-entry-type-page post-entry-888'><div class='entry-content-wrapper clearfix'>\n<div  style='padding-bottom:20px; font-size:50px;' class='av-special-heading av-special-heading-h1  blockquote modern-quote modern-centered  avia-builder-el-7  avia-builder-el-no-sibling  av-inherit-size '><h1 class='av-special-heading-tag '  itemprop=\"headline\"  ><a href=tel:979771607\">Ll\u00e1menos 979.771.607<\/a><\/h1><div class='special-heading-border'><div class='special-heading-inner-border' ><\/div><\/div><\/div>\n<\/div><\/div><\/div><!-- close content main div --><\/div><\/div><div id='after_section_2'  class='main_color av_default_container_wrap container_wrap sidebar_right' style=' '  ><div class='container' ><div class='template-page content  av-content-small alpha units'><div class='post-entry post-entry-type-page post-entry-888'><div class='entry-content-wrapper clearfix'><\/p>\n","protected":false},"excerpt":{"rendered":"","protected":false},"author":1,"featured_media":0,"parent":0,"menu_order":0,"comment_status":"closed","ping_status":"closed","template":"","meta":[],"_links":{"self":[{"href":"https:\/\/www.josemanjon.com\/index.php\/wp-json\/wp\/v2\/pages\/888"}],"collection":[{"href":"https:\/\/www.josemanjon.com\/index.php\/wp-json\/wp\/v2\/pages"}],"about":[{"href":"https:\/\/www.josemanjon.com\/index.php\/wp-json\/wp\/v2\/types\/page"}],"author":[{"embeddable":true,"href":"https:\/\/www.josemanjon.com\/index.php\/wp-json\/wp\/v2\/users\/1"}],"replies":[{"embeddable":true,"href":"https:\/\/www.josemanjon.com\/index.php\/wp-json\/wp\/v2\/comments?post=888"}],"version-history":[{"count":1,"href":"https:\/\/www.josemanjon.com\/index.php\/wp-json\/wp\/v2\/pages\/888\/revisions"}],"predecessor-version":[{"id":889,"href":"https:\/\/www.josemanjon.com\/index.php\/wp-json\/wp\/v2\/pages\/888\/revisions\/889"}],"wp:attachment":[{"href":"https:\/\/www.josemanjon.com\/index.php\/wp-json\/wp\/v2\/media?parent=888"}],"curies":[{"name":"wp","href":"https:\/\/api.w.org\/{rel}","templated":true}]}}