{"id":875,"date":"2021-05-13T09:44:40","date_gmt":"2021-05-13T09:44:40","guid":{"rendered":"https:\/\/www.josemanjon.com\/?page_id=875"},"modified":"2021-05-13T09:58:59","modified_gmt":"2021-05-13T09:58:59","slug":"contratos-de-energia","status":"publish","type":"page","link":"https:\/\/www.josemanjon.com\/index.php\/contratos-de-energia\/","title":{"rendered":"CONTRATOS DE ENERG\u00cdA"},"content":{"rendered":"<div id='full_slider_1'  class='avia-fullwidth-slider main_color avia-shadow  av-small-hide av-mini-hide  avia-builder-el-0  el_before_av_section  avia-builder-el-first   container_wrap sidebar_right' style=' '  ><div   data-size='no scaling'  data-lightbox_size='large'  data-animation='slide_up'  data-conditional_play=''  data-ids='857'  data-video_counter='0'  data-autoplay='false'  data-bg_slider='false'  data-slide_height=''  data-handle='av_slideshow_full'  data-interval='6'  data-class=' '  data-el_id=''  data-css_id=''  data-scroll_down=''  data-control_layout='av-control-minimal'  data-custom_markup=''  data-perma_caption=''  data-autoplay_stopper=''  data-image_attachment=''  data-min_height='0px'  data-lazy_loading='disabled'  data-src=''  data-position='top left'  data-repeat='no-repeat'  data-attach='scroll'  data-stretch=''  class='avia-slideshow avia-slideshow-1  av-control-minimal av-default-height-applied avia-slideshow-no scaling av_slideshow_full   avia-slide_up-slider '  itemprop=\"image\" itemscope=\"itemscope\" itemtype=\"https:\/\/schema.org\/ImageObject\" ><ul class='avia-slideshow-inner ' style='padding-bottom: 24.585282858358%;' ><li  class=' av-single-slide slide-1 ' ><div data-rel='slideshow-1' class='avia-slide-wrap '   ><img class=\"wp-image-857 avia-img-lazy-loading-not-857\"  src=\"https:\/\/www.josemanjon.com\/wp-content\/uploads\/2021\/05\/portada.png\" width=\"2351\" height=\"578\" title='portada' alt=''  itemprop=\"thumbnailUrl\" srcset=\"https:\/\/www.josemanjon.com\/wp-content\/uploads\/2021\/05\/portada.png 2351w, https:\/\/www.josemanjon.com\/wp-content\/uploads\/2021\/05\/portada-300x74.png 300w, https:\/\/www.josemanjon.com\/wp-content\/uploads\/2021\/05\/portada-1030x253.png 1030w, https:\/\/www.josemanjon.com\/wp-content\/uploads\/2021\/05\/portada-768x189.png 768w, https:\/\/www.josemanjon.com\/wp-content\/uploads\/2021\/05\/portada-1536x378.png 1536w, https:\/\/www.josemanjon.com\/wp-content\/uploads\/2021\/05\/portada-2048x504.png 2048w, https:\/\/www.josemanjon.com\/wp-content\/uploads\/2021\/05\/portada-1500x369.png 1500w, https:\/\/www.josemanjon.com\/wp-content\/uploads\/2021\/05\/portada-705x173.png 705w\" sizes=\"(max-width: 2351px) 100vw, 2351px\" \/><\/div><\/li><\/ul><\/div><\/div>\n<div id='av_section_1'  class='avia-section alternate_color avia-section-small avia-no-border-styling  av-section-color-overlay-active avia-bg-style-fixed  avia-builder-el-1  el_after_av_slideshow_full  el_before_av_section   container_wrap sidebar_right' style=' '  ><div class='av-section-color-overlay-wrap'><div class='av-section-color-overlay' style='opacity: 0.7; background-color: #000000; '><\/div><a href='#next-section' title='' class='scroll-down-link '  aria-hidden='true' data-av_icon='\ue877' data-av_iconfont='entypo-fontello'><\/a><div class='container' ><div class='template-page content  av-content-small alpha units'><div class='post-entry post-entry-type-page post-entry-875'><div class='entry-content-wrapper clearfix'>\n<div  style='height:1px; margin-top:-30px'  class='hr hr-invisible   avia-builder-el-2  el_before_av_heading  avia-builder-el-first '><span class='hr-inner ' ><span class='hr-inner-style'><\/span><\/span><\/div>\n<div  style='padding-bottom:20px; color:#af3131;font-size:50px;' class='av-special-heading av-special-heading-h1 custom-color-heading blockquote modern-quote modern-centered  avia-builder-el-3  el_after_av_hr  el_before_av_hr  av-inherit-size '><h1 class='av-special-heading-tag  av-medium-font-size-overwrite av-medium-font-size-40 av-small-font-size-overwrite av-small-font-size-30 av-mini-font-size-overwrite av-mini-font-size-30'  itemprop=\"headline\"  >Asesor energ\u00e9tico en Venta de Ba\u00f1os<\/h1><div class ='av-subheading av-subheading_below av_custom_color ' style='font-size:20px;'><p>\u00bfGastos de energ\u00eda excesivos tanto en luz como en gas? Le ayudamos a resolverlo. Contacte con nosotros.<\/p>\n<\/div><div class='special-heading-border'><div class='special-heading-inner-border' style='border-color:#af3131'><\/div><\/div><\/div>\n<div  style='height:25px' class='hr hr-invisible   avia-builder-el-4  el_after_av_heading  el_before_av_one_half '><span class='hr-inner ' ><span class='hr-inner-style'><\/span><\/span><\/div>\n<div class=\"flex_column av_one_half  flex_column_div av-zero-column-padding first  avia-builder-el-5  el_after_av_hr  el_before_av_one_half  \" style='border-radius:0px; '><p><section class=\"av_textblock_section \"  itemscope=\"itemscope\" itemtype=\"https:\/\/schema.org\/CreativeWork\" ><div class='avia_textblock  '   itemprop=\"text\" ><p>El asesor energ\u00e9tico es un profesional que da soporte a su cliente con el fin de hacerle consciente de sus consumos de energ\u00eda y el coste energ\u00e9tico, ofreci\u00e9ndole alternativas para reducirlo pero manteniendo el nivel de servicios en sus instalaciones y cumpliendo con la normativa vigente.<\/p>\n<p><strong>PETICI\u00d3N DE OFERTA<\/strong><\/p>\n<p>Con la ayuda de Instalaciones y Montajes El\u00e9ctricos Jos\u00e9 Manj\u00f3n S.L., personalizamos todas sus ofertas en funci\u00f3n del tipo de instalaci\u00f3n y consumo de la misma. Por ello, y para asesorarle de la mejor manera posible, le pedimos que nos env\u00ede la \u00faltima factura el\u00e9ctrica de su instalaci\u00f3n.<\/p>\n<p>En breve recibir\u00e1 una oferta explicada claramente, con una comparativa donde podr\u00e1 apreciar lo que paga actualmente y lo que pagar\u00eda si contratase con Fenie Energ\u00eda.<\/p>\n<\/div><\/section><br \/>\n<div  style='height:20px' class='hr hr-invisible   avia-builder-el-7  el_after_av_textblock  el_before_av_textblock '><span class='hr-inner ' ><span class='hr-inner-style'><\/span><\/span><\/div><br \/>\n<section class=\"av_textblock_section \"  itemscope=\"itemscope\" itemtype=\"https:\/\/schema.org\/CreativeWork\" ><div class='avia_textblock  '  style='font-size:11px; '  itemprop=\"text\" ><p style=\"text-align: center;\">Al pulsar sobre el bot\u00f3n <em>Quiero Pedir una Oferta<\/em>, y enviarnos la petici\u00f3n, est\u00e1 aceptando nuestra <a href=\"https:\/\/www.josemanjon.com\/index.php\/politica-de-privacidad\/\" target=\"_blank\" rel=\"noopener\">Pol\u00edtica de Privacidad<\/a><\/p>\n<\/div><\/section><br \/>\n<div  class='avia-button-wrap avia-button-center  avia-builder-el-9  el_after_av_textblock  el_before_av_hr ' ><a href='mailto:mailto:tecnico@josemanjon.com?body=Indique%20aqui%20sus%20datos%20personales.%20NO%20OLVIDE%20ADJUNTAR%20UNA%20COPIA%20DE%20SU%20ULTIMA%20FACTURA%20ELECTRICA&subject=Peticion%20de%20Oferta' class='avia-button  avia-color-theme-color   avia-icon_select-yes-left-icon avia-size-large avia-position-center ' target=\"_blank\" rel=\"noopener noreferrer\"><span class='avia_button_icon avia_button_icon_left ' aria-hidden='true' data-av_icon='\ue812' data-av_iconfont='entypo-fontello'><\/span><span class='avia_iconbox_title' >Quiero Pedir una Oferta<\/span><\/a><\/div><br \/>\n<div  style='height:25px' class='hr hr-invisible   avia-builder-el-10  el_after_av_button  avia-builder-el-last '><span class='hr-inner ' ><span class='hr-inner-style'><\/span><\/span><\/div><\/p><\/div><div class=\"flex_column av_one_half  flex_column_div av-zero-column-padding   avia-builder-el-11  el_after_av_one_half  avia-builder-el-last  \" style='border-radius:0px; '><div  class='avia-image-container  av-styling-    avia-builder-el-12  avia-builder-el-no-sibling  avia-align-center '  itemprop=\"image\" itemscope=\"itemscope\" itemtype=\"https:\/\/schema.org\/ImageObject\"  ><div class='avia-image-container-inner'><div class='avia-image-overlay-wrap'><img class='wp-image-876 avia-img-lazy-loading-not-876 avia_image' src=\"https:\/\/www.josemanjon.com\/wp-content\/uploads\/2021\/05\/instalaciones-y-montajes-electricos-jose-manjon-sl-logo-de-empresa-delegada2.jpg\" alt='' title='instalaciones-y-montajes-electricos-jose-manjon-sl-logo-de-empresa-delegada2' height=\"368\" width=\"267\"  itemprop=\"thumbnailUrl\" srcset=\"https:\/\/www.josemanjon.com\/wp-content\/uploads\/2021\/05\/instalaciones-y-montajes-electricos-jose-manjon-sl-logo-de-empresa-delegada2.jpg 267w, https:\/\/www.josemanjon.com\/wp-content\/uploads\/2021\/05\/instalaciones-y-montajes-electricos-jose-manjon-sl-logo-de-empresa-delegada2-218x300.jpg 218w\" sizes=\"(max-width: 267px) 100vw, 267px\" \/><\/div><\/div><\/div><\/div><\/div><\/div><\/div><!-- close content main div --><\/div><\/div><\/div><div id='av_section_2'  class='avia-section main_color avia-section-large avia-no-border-styling  avia-bg-style-scroll  avia-builder-el-13  el_after_av_section  avia-builder-el-last   container_wrap sidebar_right' style=' '  ><div class='container' ><div class='template-page content  av-content-small alpha units'><div class='post-entry post-entry-type-page post-entry-875'><div class='entry-content-wrapper clearfix'>\n<div  style='padding-bottom:20px; font-size:50px;' class='av-special-heading av-special-heading-h1  blockquote modern-quote modern-centered  avia-builder-el-14  avia-builder-el-no-sibling  av-inherit-size '><div class ='av-subheading av-subheading_above  ' style='font-size:20px;'><p>Si la oferta resulta satisfactoria o necesita mayores detalles sobre el cambio de comercializadora, ser\u00e1 un placer atenderlo<\/p>\n<\/div><h1 class='av-special-heading-tag '  itemprop=\"headline\"  ><a href=tel:979771607\">Ll\u00e1menos 979.771.607<\/a><\/h1><div class='special-heading-border'><div class='special-heading-inner-border' ><\/div><\/div><\/div>\n<\/div><\/div><\/div><!-- close content main div --><\/div><\/div><div id='after_section_2'  class='main_color av_default_container_wrap container_wrap sidebar_right' style=' '  ><div class='container' ><div class='template-page content  av-content-small alpha units'><div class='post-entry post-entry-type-page post-entry-875'><div class='entry-content-wrapper clearfix'><\/p>\n","protected":false},"excerpt":{"rendered":"","protected":false},"author":1,"featured_media":0,"parent":0,"menu_order":0,"comment_status":"closed","ping_status":"closed","template":"","meta":[],"_links":{"self":[{"href":"https:\/\/www.josemanjon.com\/index.php\/wp-json\/wp\/v2\/pages\/875"}],"collection":[{"href":"https:\/\/www.josemanjon.com\/index.php\/wp-json\/wp\/v2\/pages"}],"about":[{"href":"https:\/\/www.josemanjon.com\/index.php\/wp-json\/wp\/v2\/types\/page"}],"author":[{"embeddable":true,"href":"https:\/\/www.josemanjon.com\/index.php\/wp-json\/wp\/v2\/users\/1"}],"replies":[{"embeddable":true,"href":"https:\/\/www.josemanjon.com\/index.php\/wp-json\/wp\/v2\/comments?post=875"}],"version-history":[{"count":7,"href":"https:\/\/www.josemanjon.com\/index.php\/wp-json\/wp\/v2\/pages\/875\/revisions"}],"predecessor-version":[{"id":885,"href":"https:\/\/www.josemanjon.com\/index.php\/wp-json\/wp\/v2\/pages\/875\/revisions\/885"}],"wp:attachment":[{"href":"https:\/\/www.josemanjon.com\/index.php\/wp-json\/wp\/v2\/media?parent=875"}],"curies":[{"name":"wp","href":"https:\/\/api.w.org\/{rel}","templated":true}]}}