{"id":869,"date":"2021-05-13T09:19:17","date_gmt":"2021-05-13T09:19:17","guid":{"rendered":"https:\/\/www.josemanjon.com\/?page_id=869"},"modified":"2021-05-13T09:19:19","modified_gmt":"2021-05-13T09:19:19","slug":"telecomunicaciones","status":"publish","type":"page","link":"https:\/\/www.josemanjon.com\/index.php\/telecomunicaciones\/","title":{"rendered":"TELECOMUNICACIONES"},"content":{"rendered":"<div id='full_slider_1'  class='avia-fullwidth-slider main_color avia-shadow  av-small-hide av-mini-hide  avia-builder-el-0  el_before_av_section  avia-builder-el-first   container_wrap sidebar_right' style=' '  ><div   data-size='no scaling'  data-lightbox_size='large'  data-animation='slide_up'  data-conditional_play=''  data-ids='857'  data-video_counter='0'  data-autoplay='false'  data-bg_slider='false'  data-slide_height=''  data-handle='av_slideshow_full'  data-interval='6'  data-class=' '  data-el_id=''  data-css_id=''  data-scroll_down=''  data-control_layout='av-control-minimal'  data-custom_markup=''  data-perma_caption=''  data-autoplay_stopper=''  data-image_attachment=''  data-min_height='0px'  data-lazy_loading='disabled'  data-src=''  data-position='top left'  data-repeat='no-repeat'  data-attach='scroll'  data-stretch=''  class='avia-slideshow avia-slideshow-1  av-control-minimal av-default-height-applied avia-slideshow-no scaling av_slideshow_full   avia-slide_up-slider '  itemprop=\"image\" itemscope=\"itemscope\" itemtype=\"https:\/\/schema.org\/ImageObject\" ><ul class='avia-slideshow-inner ' style='padding-bottom: 24.585282858358%;' ><li  class=' av-single-slide slide-1 ' ><div data-rel='slideshow-1' class='avia-slide-wrap '   ><img class=\"wp-image-857 avia-img-lazy-loading-not-857\"  src=\"https:\/\/www.josemanjon.com\/wp-content\/uploads\/2021\/05\/portada.png\" width=\"2351\" height=\"578\" title='portada' alt=''  itemprop=\"thumbnailUrl\" srcset=\"https:\/\/www.josemanjon.com\/wp-content\/uploads\/2021\/05\/portada.png 2351w, https:\/\/www.josemanjon.com\/wp-content\/uploads\/2021\/05\/portada-300x74.png 300w, https:\/\/www.josemanjon.com\/wp-content\/uploads\/2021\/05\/portada-1030x253.png 1030w, https:\/\/www.josemanjon.com\/wp-content\/uploads\/2021\/05\/portada-768x189.png 768w, https:\/\/www.josemanjon.com\/wp-content\/uploads\/2021\/05\/portada-1536x378.png 1536w, https:\/\/www.josemanjon.com\/wp-content\/uploads\/2021\/05\/portada-2048x504.png 2048w, https:\/\/www.josemanjon.com\/wp-content\/uploads\/2021\/05\/portada-1500x369.png 1500w, https:\/\/www.josemanjon.com\/wp-content\/uploads\/2021\/05\/portada-705x173.png 705w\" sizes=\"(max-width: 2351px) 100vw, 2351px\" \/><\/div><\/li><\/ul><\/div><\/div>\n<div id='av_section_1'  class='avia-section alternate_color avia-section-small avia-no-border-styling  av-section-color-overlay-active avia-bg-style-fixed  avia-builder-el-1  el_after_av_slideshow_full  el_before_av_section   container_wrap sidebar_right' style=' '  ><div class='av-section-color-overlay-wrap'><div class='av-section-color-overlay' style='opacity: 0.7; background-color: #000000; '><\/div><a href='#next-section' title='' class='scroll-down-link '  aria-hidden='true' data-av_icon='\ue877' data-av_iconfont='entypo-fontello'><\/a><div class='container' ><div class='template-page content  av-content-small alpha units'><div class='post-entry post-entry-type-page post-entry-869'><div class='entry-content-wrapper clearfix'>\n<div  style='height:1px; margin-top:-30px'  class='hr hr-invisible   avia-builder-el-2  el_before_av_heading  avia-builder-el-first '><span class='hr-inner ' ><span class='hr-inner-style'><\/span><\/span><\/div>\n<div  style='padding-bottom:20px; color:#af3131;font-size:50px;' class='av-special-heading av-special-heading-h1 custom-color-heading blockquote modern-quote modern-centered  avia-builder-el-3  el_after_av_hr  el_before_av_hr  av-inherit-size '><h1 class='av-special-heading-tag  av-medium-font-size-overwrite av-medium-font-size-40 av-small-font-size-overwrite av-small-font-size-30 av-mini-font-size-overwrite av-mini-font-size-30'  itemprop=\"headline\"  >Instalaci\u00f3n de redes inform\u00e1ticas en Venta de Ba\u00f1os<\/h1><div class='special-heading-border'><div class='special-heading-inner-border' style='border-color:#af3131'><\/div><\/div><\/div>\n<div  style='height:25px' class='hr hr-invisible   avia-builder-el-4  el_after_av_heading  el_before_av_one_half '><span class='hr-inner ' ><span class='hr-inner-style'><\/span><\/span><\/div>\n<div class=\"flex_column av_one_half  flex_column_div av-zero-column-padding first  avia-builder-el-5  el_after_av_hr  el_before_av_one_half  \" style='border-radius:0px; '><section class=\"av_textblock_section \"  itemscope=\"itemscope\" itemtype=\"https:\/\/schema.org\/CreativeWork\" ><div class='avia_textblock  '   itemprop=\"text\" ><p><strong>ADMINISTRADORES DE RED<\/strong><\/p>\n<p>Los servicios que desarrollamos en Instalaciones y Montajes El\u00e9ctricos Jos\u00e9 Manj\u00f3n S.L., est\u00e1n pensados para mejorar una buena comunicaci\u00f3n, con redes de voz y datos que faciliten una serie de ventajas al administrador de la red. Con ello, proponemos una serie de ventajas en el mantenimiento e instalaci\u00f3n de redes inform\u00e1ticas, adem\u00e1s de sistemas de cableado estructurado y fibra \u00f3ptica tanto Intranet como Extranet.<\/p>\n<p>Nuestro trabajo adem\u00e1s ofrece soluciones en:<\/p>\n<p><strong>ICT<\/strong><br \/>\n\u2022 Instalaci\u00f3n, mantenimiento y reparaci\u00f3n de antenas.<br \/>\n\u2022 Instalaci\u00f3n y mantenimiento de porteros autom\u00e1ticos (videoporteros).<br \/>\n\u2022 Alarmas contra intrusi\u00f3n e incendio.<br \/>\n\u2022 Videovigilancia.<br \/>\n\u2022 Dom\u00f3tica.<br \/>\n\u2022 Instalaciones completas de telecomunicaciones de bloques y viviendas.<\/p>\n<p><strong>SONIDO<\/strong><br \/>\n\u2022 Instalaci\u00f3n y mantenimiento de sistemas de sonido, megafon\u00eda y audio en general.<br \/>\n\u2022 Sonorizaci\u00f3n integral en viviendas, locales comerciales y grandes superficies.<\/p>\n<p>Entre otros m\u00e1s.<\/p>\n<\/div><\/section><\/div><div class=\"flex_column av_one_half  flex_column_div av-zero-column-padding   avia-builder-el-7  el_after_av_one_half  avia-builder-el-last  \" style='border-radius:0px; '><div  class='avia-image-container  av-styling-    avia-builder-el-8  avia-builder-el-no-sibling  avia-align-center '  itemprop=\"image\" itemscope=\"itemscope\" itemtype=\"https:\/\/schema.org\/ImageObject\"  ><div class='avia-image-container-inner'><div class='avia-image-overlay-wrap'><img class='wp-image-871 avia-img-lazy-loading-not-871 avia_image' src=\"https:\/\/www.josemanjon.com\/wp-content\/uploads\/2021\/05\/antena-de-telecomunicacion.jpg\" alt='' title='antena-de-telecomunicacion' height=\"428\" width=\"600\"  itemprop=\"thumbnailUrl\" srcset=\"https:\/\/www.josemanjon.com\/wp-content\/uploads\/2021\/05\/antena-de-telecomunicacion.jpg 600w, https:\/\/www.josemanjon.com\/wp-content\/uploads\/2021\/05\/antena-de-telecomunicacion-300x214.jpg 300w, https:\/\/www.josemanjon.com\/wp-content\/uploads\/2021\/05\/antena-de-telecomunicacion-260x185.jpg 260w\" sizes=\"(max-width: 600px) 100vw, 600px\" \/><\/div><\/div><\/div><\/div><\/div><\/div><\/div><!-- close content main div --><\/div><\/div><\/div><div id='av_section_2'  class='avia-section main_color avia-section-large avia-no-border-styling  avia-bg-style-scroll  avia-builder-el-9  el_after_av_section  avia-builder-el-last   container_wrap sidebar_right' style=' '  ><div class='container' ><div class='template-page content  av-content-small alpha units'><div class='post-entry post-entry-type-page post-entry-869'><div class='entry-content-wrapper clearfix'>\n<div  style='padding-bottom:20px; font-size:50px;' class='av-special-heading av-special-heading-h1  blockquote modern-quote modern-centered  avia-builder-el-10  avia-builder-el-no-sibling  av-inherit-size '><h1 class='av-special-heading-tag '  itemprop=\"headline\"  ><a href=tel:979771607\">Ll\u00e1menos 979.771.607<\/a><\/h1><div class='special-heading-border'><div class='special-heading-inner-border' ><\/div><\/div><\/div>\n<\/div><\/div><\/div><!-- close content main div --><\/div><\/div><div id='after_section_2'  class='main_color av_default_container_wrap container_wrap sidebar_right' style=' '  ><div class='container' ><div class='template-page content  av-content-small alpha units'><div class='post-entry post-entry-type-page post-entry-869'><div class='entry-content-wrapper clearfix'><\/p>\n","protected":false},"excerpt":{"rendered":"","protected":false},"author":1,"featured_media":0,"parent":0,"menu_order":0,"comment_status":"closed","ping_status":"closed","template":"","meta":[],"_links":{"self":[{"href":"https:\/\/www.josemanjon.com\/index.php\/wp-json\/wp\/v2\/pages\/869"}],"collection":[{"href":"https:\/\/www.josemanjon.com\/index.php\/wp-json\/wp\/v2\/pages"}],"about":[{"href":"https:\/\/www.josemanjon.com\/index.php\/wp-json\/wp\/v2\/types\/page"}],"author":[{"embeddable":true,"href":"https:\/\/www.josemanjon.com\/index.php\/wp-json\/wp\/v2\/users\/1"}],"replies":[{"embeddable":true,"href":"https:\/\/www.josemanjon.com\/index.php\/wp-json\/wp\/v2\/comments?post=869"}],"version-history":[{"count":2,"href":"https:\/\/www.josemanjon.com\/index.php\/wp-json\/wp\/v2\/pages\/869\/revisions"}],"predecessor-version":[{"id":874,"href":"https:\/\/www.josemanjon.com\/index.php\/wp-json\/wp\/v2\/pages\/869\/revisions\/874"}],"wp:attachment":[{"href":"https:\/\/www.josemanjon.com\/index.php\/wp-json\/wp\/v2\/media?parent=869"}],"curies":[{"name":"wp","href":"https:\/\/api.w.org\/{rel}","templated":true}]}}