{"id":867,"date":"2021-05-12T17:28:54","date_gmt":"2021-05-12T17:28:54","guid":{"rendered":"https:\/\/www.josemanjon.com\/?page_id=867"},"modified":"2021-05-12T17:29:24","modified_gmt":"2021-05-12T17:29:24","slug":"politica-de-privacidad","status":"publish","type":"page","link":"https:\/\/www.josemanjon.com\/index.php\/politica-de-privacidad\/","title":{"rendered":"Pol\u00edtica de Privacidad"},"content":{"rendered":"<div id='av_section_1'  class='avia-section alternate_color avia-section-small avia-no-border-styling  av-section-color-overlay-active avia-bg-style-fixed  avia-builder-el-0  el_before_av_section  avia-builder-el-first   container_wrap sidebar_right' style=' '  ><div class='av-section-color-overlay-wrap'><div class='av-section-color-overlay' style='opacity: 0.7; background-color: #000000; '><\/div><a href='#next-section' title='' class='scroll-down-link '  aria-hidden='true' data-av_icon='\ue877' data-av_iconfont='entypo-fontello'><\/a><div class='container' ><main  role=\"main\" itemprop=\"mainContentOfPage\"  class='template-page content  av-content-small alpha units'><div class='post-entry post-entry-type-page post-entry-867'><div class='entry-content-wrapper clearfix'>\n<div  style='height:1px; margin-top:-30px'  class='hr hr-invisible   avia-builder-el-1  el_before_av_heading  avia-builder-el-first '><span class='hr-inner ' ><span class='hr-inner-style'><\/span><\/span><\/div>\n<div  style='padding-bottom:20px; color:#af3131;font-size:50px;' class='av-special-heading av-special-heading-h1 custom-color-heading blockquote modern-quote modern-centered  avia-builder-el-2  el_after_av_hr  el_before_av_hr  av-inherit-size '><h1 class='av-special-heading-tag  av-medium-font-size-overwrite av-medium-font-size-40 av-small-font-size-overwrite av-small-font-size-30 av-mini-font-size-overwrite av-mini-font-size-30'  itemprop=\"headline\"  >Pol\u00edtica de Privacidad<\/h1><div class='special-heading-border'><div class='special-heading-inner-border' style='border-color:#af3131'><\/div><\/div><\/div>\n<div  style='height:25px' class='hr hr-invisible   avia-builder-el-3  el_after_av_heading  el_before_av_one_full '><span class='hr-inner ' ><span class='hr-inner-style'><\/span><\/span><\/div>\n<div class=\"flex_column av_one_full  flex_column_div av-zero-column-padding first  avia-builder-el-4  el_after_av_hr  avia-builder-el-last  \" style='border-radius:0px; '><section class=\"av_textblock_section \"  itemscope=\"itemscope\" itemtype=\"https:\/\/schema.org\/CreativeWork\" ><div class='avia_textblock  '   itemprop=\"text\" ><p><strong>USO Y TRATAMIENTO DE DATOS DE CAR\u00c1CTER PERSONAL<\/strong><\/p>\n<p>Le informamos que los datos de car\u00e1cter personal que pudieran proporcionarse, a trav\u00e9s de este sitio web, as\u00ed como los que pudiera facilitar en el futuro en el marco de su relaci\u00f3n jur\u00eddica con esta entidad, ser\u00e1n incorporados a nuestra base de datos.<\/p>\n<p>Se informa sobre los siguientes extremos relativos a la protecci\u00f3n de datos:<\/p>\n<p><strong>1. Responsable del tratamiento:<\/strong> Somos responsables de los datos recogidos en el formulario correspondiente.<\/p>\n<p><strong>2. Necesidad del tratamiento:<\/strong> La comunicaci\u00f3n de sus datos a trav\u00e9s del formulario correspondiente es obligatoria para podamos contactar.<\/p>\n<p><strong>3. Finalidades del tratamiento y legitimaci\u00f3n del tratamiento:<\/strong><\/p>\n<ul>\n<li>Gestionar, administrar, prestarle los servicios o facilitarle los productos que solicite y, en su caso, para el cumplimiento y ejecuci\u00f3n de los contratos que pudiera celebrar, conocer mejor sus gustos, adecuar los servicios a sus preferencias.<\/li>\n<li>Enviarle, por correo postal, correo electr\u00f3nico y otros medios de comunicaci\u00f3n electr\u00f3nica equivalente, comunicaciones comerciales y publicitarias sobre nuestros productos y\/o servicios.<\/li>\n<\/ul>\n<p><strong>4. Destinatarios:<\/strong> Contratamos con alguna entidad que prestan servicios como los de mantenimiento y hosting, a trav\u00e9s de contratos de encargo del tratamiento para dar soporte a los fines de tratamiento indicados.<\/p>\n<p><strong>5. Plazo de conservaci\u00f3n de datos:<\/strong> Conservaremos sus datos mientras se mantenga el tratamiento y no solicite la supresi\u00f3n de los mismos.<\/p>\n<p><strong>6. Derechos:<\/strong> Podr\u00e1 ejercitar los derechos de acceso, rectificaci\u00f3n, supresi\u00f3n, limitaci\u00f3n al tratamiento, oposici\u00f3n, portabilidad y derecho a no ser objeto de una decisi\u00f3n basada \u00fanicamente en el tratamiento automatizado, mediante comunicaci\u00f3n escrita al domicilio indicado en el aviso legal y a revocar su consentimiento sin efectos retroactivos u oponerse a la recepci\u00f3n de comunicaciones comerciales publicitarias por email y otros medios de comunicaci\u00f3n electr\u00f3nica equivalente, enviando y a presentar una reclamaci\u00f3n ante la Autoridad de control, en Espa\u00f1a, la Agencia Espa\u00f1ola de Protecci\u00f3n de Datos.<\/p>\n<p><strong>7. Modificaci\u00f3n de la pol\u00edtica de privacidad:<\/strong> Nos reservamos el derecho a modificar su Pol\u00edtica de Privacidad, de acuerdo a nuestro propio criterio, o motivado por un cambio doctrinal de la Autoridad competente en Protecci\u00f3n de Datos, legislativo o jurisprudencial. El uso de la Web despu\u00e9s de dichos cambios implicar\u00e1 la aceptaci\u00f3n de \u00e9stos.<\/p>\n<p><strong>8. Legislaci\u00f3n aplicable:<\/strong> Cualquier controversia que se derive del uso de este Site, ser\u00e1 regida, interpretada y sometida de acuerdo con las leyes de Espa\u00f1a.<\/p>\n<\/div><\/section><\/div><\/div><\/div><\/main><!-- close content main element --><\/div><\/div><\/div><div id='av_section_2'  class='avia-section main_color avia-section-large avia-no-border-styling  avia-bg-style-scroll  avia-builder-el-6  el_after_av_section  avia-builder-el-last   container_wrap sidebar_right' style=' '  ><div class='container' ><div class='template-page content  av-content-small alpha units'><div class='post-entry post-entry-type-page post-entry-867'><div class='entry-content-wrapper clearfix'>\n<div  style='padding-bottom:20px; font-size:50px;' class='av-special-heading av-special-heading-h1  blockquote modern-quote modern-centered  avia-builder-el-7  avia-builder-el-no-sibling  av-inherit-size '><h1 class='av-special-heading-tag '  itemprop=\"headline\"  ><a href=tel:979771607\">Ll\u00e1menos 979.771.607<\/a><\/h1><div class='special-heading-border'><div class='special-heading-inner-border' ><\/div><\/div><\/div>\n<\/div><\/div><\/div><!-- close content main div --><\/div><\/div><div id='after_section_2'  class='main_color av_default_container_wrap container_wrap sidebar_right' style=' '  ><div class='container' ><div class='template-page content  av-content-small alpha units'><div class='post-entry post-entry-type-page post-entry-867'><div class='entry-content-wrapper clearfix'><\/p>\n","protected":false},"excerpt":{"rendered":"","protected":false},"author":1,"featured_media":0,"parent":0,"menu_order":0,"comment_status":"closed","ping_status":"closed","template":"","meta":[],"_links":{"self":[{"href":"https:\/\/www.josemanjon.com\/index.php\/wp-json\/wp\/v2\/pages\/867"}],"collection":[{"href":"https:\/\/www.josemanjon.com\/index.php\/wp-json\/wp\/v2\/pages"}],"about":[{"href":"https:\/\/www.josemanjon.com\/index.php\/wp-json\/wp\/v2\/types\/page"}],"author":[{"embeddable":true,"href":"https:\/\/www.josemanjon.com\/index.php\/wp-json\/wp\/v2\/users\/1"}],"replies":[{"embeddable":true,"href":"https:\/\/www.josemanjon.com\/index.php\/wp-json\/wp\/v2\/comments?post=867"}],"version-history":[{"count":1,"href":"https:\/\/www.josemanjon.com\/index.php\/wp-json\/wp\/v2\/pages\/867\/revisions"}],"predecessor-version":[{"id":868,"href":"https:\/\/www.josemanjon.com\/index.php\/wp-json\/wp\/v2\/pages\/867\/revisions\/868"}],"wp:attachment":[{"href":"https:\/\/www.josemanjon.com\/index.php\/wp-json\/wp\/v2\/media?parent=867"}],"curies":[{"name":"wp","href":"https:\/\/api.w.org\/{rel}","templated":true}]}}